{"id":3564,"date":"2022-04-20T17:46:42","date_gmt":"2022-04-20T15:46:42","guid":{"rendered":"https:\/\/lesrobesnoires.com\/informativa-sulla-privacy-e-gestione-dei-cookie\/"},"modified":"2022-07-28T18:51:30","modified_gmt":"2022-07-28T16:51:30","slug":"informativa-sulla-privacy-e-gestione-dei-cookie","status":"publish","type":"page","link":"https:\/\/lesrobesnoires.com\/it\/informativa-sulla-privacy-e-gestione-dei-cookie\/","title":{"rendered":"Informativa sulla privacy e gestione dei cookie"},"content":{"rendered":"<div class=\"fusion-fullwidth fullwidth-box fusion-builder-row-1 fusion-flex-container nonhundred-percent-fullwidth non-hundred-percent-height-scrolling\" style=\"--awb-border-radius-top-left:0px;--awb-border-radius-top-right:0px;--awb-border-radius-bottom-right:0px;--awb-border-radius-bottom-left:0px;\" ><div class=\"fusion-builder-row fusion-row fusion-flex-align-items-flex-start\" style=\"max-width:1248px;margin-left: calc(-4% \/ 2 );margin-right: calc(-4% \/ 2 );\"><div class=\"fusion-layout-column fusion_builder_column fusion-builder-column-0 fusion_builder_column_1_1 1_1 fusion-flex-column\" style=\"--awb-bg-size:cover;--awb-width-large:100%;--awb-margin-top-large:0px;--awb-spacing-right-large:1.92%;--awb-margin-bottom-large:0px;--awb-spacing-left-large:1.92%;--awb-width-medium:100%;--awb-spacing-right-medium:1.92%;--awb-spacing-left-medium:1.92%;--awb-width-small:100%;--awb-spacing-right-small:1.92%;--awb-spacing-left-small:1.92%;\"><div class=\"fusion-column-wrapper fusion-flex-justify-content-flex-start fusion-content-layout-column\"><div class=\"fusion-text fusion-text-1\"><p align=\"CENTER\"><span style=\"font-family: Montserrat, serif;\"><u><b>Informativa sulla privacy e gestione dei cookie<\/b><\/u><\/span><\/p>\n<p align=\"JUSTIFY\"><span style=\"font-family: Montserrat, serif;\"><b>Introduzione<\/b><\/span><\/p>\n<p align=\"JUSTIFY\"><span style=\"font-family: Montserrat, serif;\">La presente informativa sulla privacy descrive le modalit\u00e0 con cui Les Robes Noires (la societ\u00e0 che pubblica il sito web accessibile all&#8217;indirizzo <a href=\"http:\/\/www.lesrobesnoires.com\/\">www.lesrobesnoires.com<\/a>) protegge i dati personali raccolti quando un visitatore entra nel suo sito. Descrive quali dati vengono raccolti, come vengono protetti, con chi e a quali condizioni vengono condivisi se necessario.<\/span><\/p>\n<p align=\"JUSTIFY\"><span style=\"font-family: Montserrat, serif;\">La societ\u00e0 Les Robes Noires, azienda agricola a responsabilit\u00e0 limitata iscritta al Registro del Commercio e delle Imprese di B\u00e9ziers con il numero 899 131 759, \u00e8 responsabile del trattamento dei dati personali dei visitatori del suo sito web.<\/span><\/p>\n<p align=\"JUSTIFY\"><span style=\"font-family: Montserrat, serif;\">La sua priorit\u00e0 \u00e8 quella di utilizzare questi dati solo per ottimizzare le esperienze di navigazione e di acquisto dei suoi visitatori.<\/span><\/p>\n<p align=\"JUSTIFY\"><span style=\"font-family: Montserrat, serif;\"><u>1\/ Raccolta dati<\/u><\/span><\/p>\n<p align=\"JUSTIFY\"><span style=\"font-family: Montserrat, serif;\">Quando :<\/span><\/p>\n<ul>\n<li>\n<p align=\"JUSTIFY\"><span style=\"font-family: Montserrat, serif;\">si naviga nel sito web,<\/span><\/p>\n<\/li>\n<li>\n<p align=\"JUSTIFY\"><span style=\"font-family: Montserrat, serif;\">l&#8217;iscrizione alla newsletter,<\/span><\/p>\n<\/li>\n<li>\n<p align=\"JUSTIFY\"><span style=\"font-family: Montserrat, serif;\">ricevete e-mail\/newsletter promozionali<\/span><\/p>\n<\/li>\n<li>\n<p align=\"JUSTIFY\"><span style=\"font-family: Montserrat, serif;\">si acquista un prodotto,<\/span><\/p>\n<\/li>\n<li>\n<p align=\"JUSTIFY\"><span style=\"font-family: Montserrat, serif;\">quando ci contattate,<\/span><\/p>\n<\/li>\n<\/ul>\n<p align=\"JUSTIFY\"><span style=\"font-family: Montserrat, serif;\">La societ\u00e0 Les Robes Noires raccoglie i seguenti dati:<\/span><\/p>\n<ul>\n<li>\n<p align=\"JUSTIFY\"><span style=\"font-family: Montserrat, serif;\">i vostri dati di contatto, tra cui: titolo, cognome, nome, data di nascita, e-mail, indirizzo di consegna e di fatturazione,<\/span><\/p>\n<\/li>\n<li>\n<p align=\"JUSTIFY\"><span style=\"font-family: Montserrat, serif;\">i vostri dati di navigazione: tempi di connessione, cronologia di navigazione, hardware e browser utilizzati, informazioni demografiche,<\/span><\/p>\n<\/li>\n<li>\n<p align=\"JUSTIFY\"><span style=\"font-family: Montserrat, serif;\">lo storico delle vendite e le informazioni sugli ordini: date, prodotti e quantit\u00e0 ordinate,<\/span><\/p>\n<\/li>\n<li>\n<p align=\"JUSTIFY\"><span style=\"font-family: Montserrat, serif;\">altri dati forniti direttamente dall&#8217;utente.<\/span><\/p>\n<\/li>\n<\/ul>\n<p align=\"JUSTIFY\"><span style=\"font-family: Montserrat, serif;\">Quando si accede al nostro sito web, viene visualizzata una finestra pop-up per chiedere il consenso a effettuare queste raccolte.<\/span><\/p>\n<p align=\"JUSTIFY\"><span style=\"font-family: Montserrat, serif;\">\u00c8 inoltre possibile utilizzare gli strumenti di gestione della cronologia e dei cookie del proprio browser web.<\/span><\/p>\n<p align=\"JUSTIFY\"><span style=\"font-family: Montserrat, serif;\">Les Robes Noires raccoglie anche dati dai partner, come ad esempio informazioni aggiornate dai nostri corrieri sulle consegne.<\/span><\/p>\n<p align=\"JUSTIFY\"><span style=\"font-family: Montserrat, serif;\"><u>2\/ Trattamento e utilizzo dei dati<\/u><\/span><\/p>\n<ol type=\"a\">\n<li>\n<p align=\"JUSTIFY\"><span style=\"font-family: Montserrat, serif;\">Per la gestione dei vostri ordini<\/span><\/p>\n<\/li>\n<\/ol>\n<p align=\"JUSTIFY\"><span style=\"font-family: Montserrat, serif;\">La priorit\u00e0 di Les Robes Noires \u00e8 quella di consegnare i prodotti ordinati nelle migliori condizioni possibili: utilizzeremo i vostri dati di contatto e qualsiasi altra informazione da voi fornita per inviare i vostri prodotti nelle migliori condizioni possibili o per risolvere eventuali incidenti nel pi\u00f9 breve tempo possibile.<\/span><\/p>\n<p align=\"JUSTIFY\"><span style=\"font-family: Montserrat, serif;\">Queste informazioni saranno conservate per adempiere agli obblighi legali e normativi (fatturazione, pagamenti, controversie, ecc.);<\/span><\/p>\n<ol start=\"2\" type=\"a\">\n<li>\n<p align=\"JUSTIFY\"><span style=\"font-family: Montserrat, serif;\">Per inviarvi le promozioni e le newsletter pi\u00f9 rilevanti;<\/span><\/p>\n<\/li>\n<\/ol>\n<ol start=\"3\" type=\"a\">\n<li>\n<p align=\"JUSTIFY\"><span style=\"font-family: Montserrat, serif;\">Per ottenere statistiche e dati di navigazione globali.<\/span><\/p>\n<\/li>\n<\/ol>\n<p align=\"JUSTIFY\"><span style=\"font-family: Montserrat, serif;\">Aggregando i dati di navigazione anonimizzati di tutti i nostri visitatori, otteniamo tendenze che ci permettono di capire come organizzare meglio le informazioni sul nostro sito web e rendere cos\u00ec pi\u00f9 fluida l&#8217;esperienza di navigazione.<\/span><\/p>\n<p align=\"JUSTIFY\"><span style=\"font-family: Montserrat, serif;\"><u>3\/ Conservazione<\/u><\/span><\/p>\n<ol type=\"a\">\n<li>\n<p align=\"JUSTIFY\"><span style=\"font-family: Montserrat, serif;\"><i>Durata<\/i><\/span><\/p>\n<\/li>\n<\/ol>\n<p align=\"JUSTIFY\"><span style=\"font-family: Montserrat, serif;\">I vostri dati personali vengono conservati per il tempo necessario agli scopi sopra elencati, a meno che non ne richiediate la cancellazione o la modifica. <\/span><span style=\"font-family: Montserrat, serif;\"><i>6\/ Rettifica e cancellazione dei dati<\/i><\/span><span style=\"font-family: Montserrat, serif;\">).<\/span><\/p>\n<ol start=\"2\" type=\"a\">\n<li>\n<p align=\"JUSTIFY\"><span style=\"font-family: Montserrat, serif;\"><i>Sicurezza<\/i><\/span><\/p>\n<\/li>\n<\/ol>\n<p align=\"JUSTIFY\"><span style=\"font-family: Montserrat, serif;\">Durante l&#8217;intero periodo di conservazione dei vostri dati, mettiamo in atto tutti i mezzi organizzativi, legali, informatici e tecnici per garantire la riservatezza e la sicurezza dei vostri dati personali, in modo da impedirne la cancellazione, il danneggiamento o l&#8217;accesso da parte di terzi non autorizzati.<\/span><\/p>\n<p align=\"JUSTIFY\"><span style=\"font-family: Montserrat, serif;\"><u>4\/ Biscotti<\/u><\/span><\/p>\n<ol type=\"a\">\n<li>\n<p align=\"JUSTIFY\"><span style=\"font-family: Montserrat, serif;\"><i>Che cos&#8217;\u00e8 un biscotto?<\/i><\/span><\/p>\n<\/li>\n<\/ol>\n<p align=\"JUSTIFY\"><span style=\"font-family: Montserrat, serif;\">Un cookie \u00e8 un file salvato sul vostro computer quando navigate su un sito. Questo file contiene informazioni sul sistema operativo, sul browser e sul terminale utilizzato (computer, cellulare, tablet). Pu\u00f2 anche registrare l&#8217;indirizzo IP dell&#8217;utente e le sue varie interazioni con il contenuto del sito lesrobesnoires.com e con le newsletter. Alcuni cookie sono necessari per accedere a determinate funzioni del sito, mentre altri consentono, ad esempio, di memorizzare in modo sicuro i dati dell&#8217;utente in modo da non doverli reinserire alla visita successiva.<\/span><\/p>\n<ol start=\"2\" type=\"a\">\n<li>\n<p align=\"JUSTIFY\"><span style=\"font-family: Montserrat, serif;\"><i>Perch\u00e9 Les Robes Noires utilizza i cookie?<\/i><\/span><\/p>\n<\/li>\n<\/ol>\n<p align=\"JUSTIFY\"><span style=\"font-family: Montserrat, serif;\">La societ\u00e0 Les Robes Noires utilizza i cookie per consentirvi una navigazione ottimale e per fornirvi servizi adeguati alle vostre richieste (ad esempio la memorizzazione del vostro carrello o dei vostri dati di connessione). Utilizziamo i cookie anche per misurare l&#8217;audience del sito e migliorarne le prestazioni. Anche alcuni partner della societ\u00e0 Les Robes Noires possono inserire cookie, la cui gestione \u00e8 soggetta alla loro politica ma che si impegnano a rispettare le leggi in vigore. Questi includono i cookie relativi ai vostri acquisti e ai contenuti che visualizzate.<\/span><\/p>\n<ol start=\"3\" type=\"a\">\n<li>\n<p align=\"JUSTIFY\"><span style=\"font-family: Montserrat, serif;\"><i>Come posso disabilitare i cookie?<\/i><\/span><\/p>\n<\/li>\n<\/ol>\n<p align=\"JUSTIFY\"><span style=\"font-family: Montserrat, serif;\">1- Disattivare i cookie su Chrome<\/span><\/p>\n<p align=\"JUSTIFY\"><a href=\"https:\/\/support.google.com\/accounts\/answer\/61416?hl=fr\"><span style=\"font-family: Montserrat, serif;\">https:\/\/support.google.com\/accounts\/answer\/61416?hl=fr<\/span><\/a><\/p>\n<p align=\"JUSTIFY\"><span style=\"font-family: Montserrat, serif;\">2- Disattivare i cookie su Internet Explorer (Microsoft) <\/span><\/p>\n<p align=\"JUSTIFY\"><a href=\"http:\/\/windows.microsoft.com\/fr-fr\/windows7\/block-enable-or-allow-cookies\"><span style=\"font-family: Montserrat, serif;\">http:\/\/windows.microsoft.com\/fr-fr\/windows7\/block-enable-or-allow-cookies<\/span><\/a><\/p>\n<p align=\"JUSTIFY\"><span style=\"font-family: Montserrat, serif;\">3- Disabilitare i cookie su Mozilla firefox<\/span><\/p>\n<p align=\"JUSTIFY\"><a href=\"https:\/\/support.mozilla.org\/fr\/kb\/protection-renforcee-contre-pistage-firefox-ordinateur\"><span style=\"font-family: Montserrat, serif;\">https:\/\/support.mozilla.org\/fr\/kb\/protection-renforcee-contre-pistage-firefox-ordinateur<\/span><\/a><\/p>\n<p align=\"JUSTIFY\"><span style=\"font-family: Montserrat, serif;\">4- Disabilitare i cookie su Safari<\/span><\/p>\n<p align=\"JUSTIFY\"><span style=\"font-family: Montserrat, serif;\">Se volete disabilitare i cookie nel browser Safari, andate in Preferenze, poi nel pannello Privacy e scegliete di bloccare i cookie.<\/span><\/p>\n<p align=\"JUSTIFY\"><span style=\"font-family: Montserrat, serif;\">Se accettate i cookie nel vostro browser, noi e i nostri partner possiamo elaborare le vostre informazioni di navigazione come descritto sopra. Se disabilitate i cookie, potreste non essere in grado di utilizzare tutti i nostri servizi (ad esempio, i vostri carrelli della spesa non saranno salvati).<\/span><\/p>\n<p align=\"JUSTIFY\"><span style=\"font-family: Montserrat, serif;\"><u>5\/ Condivisione dei dati<\/u><\/span><\/p>\n<p align=\"JUSTIFY\"><span style=\"font-family: Montserrat, serif;\">La societ\u00e0 Les Robes Noires si impegna a non vendere o affittare mai i vostri dati o a trasferirne l&#8217;accesso senza il vostro previo consenso, a meno che non sia obbligata a farlo (obbligo legale, esecuzione di una decisione giudiziaria, lotta contro la frode, vincolo amministrativo, esercizio dei diritti di difesa, ecc.)<\/span><\/p>\n<p align=\"JUSTIFY\"><span style=\"font-family: Montserrat, serif;\">L&#8217;accesso al nostro database \u00e8 limitato ai responsabili di Les Robes Noires, autorizzati in ragione della loro missione e impegnati a rispettare la nostra politica di riservatezza.<\/span><\/p>\n<p align=\"JUSTIFY\"><span style=\"font-family: Montserrat, serif;\">I dati personali (cognome\/nome\/indirizzo\/e-mail&#8230;) vengono trasmessi solo ai nostri corrieri per garantire la consegna della merce in buone condizioni e ai nostri partner di pagamento.<\/span><\/p>\n<p align=\"JUSTIFY\"><span style=\"font-family: Montserrat, serif;\">Altri dati (come la cronologia di navigazione, i prodotti visualizzati, ecc.) sono condivisi in forma anonima con partner soggetti al Regolamento generale europeo sulla protezione dei dati personali e alla legge francese sulla protezione dei dati.<\/span><\/p>\n<p align=\"JUSTIFY\"><span style=\"font-family: Montserrat, serif;\">Condividiamo queste informazioni solo con i partner necessari a fornire servizi di terzi e per gli scopi descritti nella presente informativa sulla privacy.<\/span><\/p>\n<p align=\"JUSTIFY\"><span style=\"font-family: Montserrat, serif;\">Sono consapevole che accettando i cookie, sar\u00f2 considerato un utente di Internet che accetta la raccolta dei dati di misurazione del pubblico.<\/span><\/p>\n<p align=\"JUSTIFY\"><span style=\"font-family: Montserrat, serif;\"><u>6\/ Rettifica e cancellazione dei dati<\/u><\/span><\/p>\n<p align=\"JUSTIFY\"><span style=\"font-family: Montserrat, serif;\">Le informazioni personali che raccogliamo hanno lo scopo di rispondere meglio alle vostre richieste e di elaborare i vostri ordini. Conformemente alla legge n\u00b0 78-17 del 6 gennaio 1978, relativa al trattamento dei dati, degli archivi e delle libert\u00e0, disponete di un diritto di accesso, di rettifica e di soppressione dei dati personali che vi riguardano e che sono oggetto di trattamenti sotto la responsabilit\u00e0 della societ\u00e0 Les Robes Noires.<\/span><\/p>\n<p align=\"JUSTIFY\"><span style=\"font-family: Montserrat, serif;\">Potete esercitare questo diritto contattandoci, previa esibizione di un valido documento di identit\u00e0:<\/span><\/p>\n<ul>\n<li>\n<p align=\"JUSTIFY\"><span style=\"font-family: Montserrat, serif;\">via e-mail: <a>info@lesrobesnoires.com<\/a>, o<\/span><\/p>\n<\/li>\n<li>\n<p align=\"JUSTIFY\"><span style=\"font-family: Montserrat, serif;\">per posta a : EARL Les Robes Noires, Domaine du Bourdic, 34290 Alignan-du-Vent, Francia.<\/span><\/p>\n<\/li>\n<\/ul>\n<p align=\"JUSTIFY\"><span style=\"font-family: Montserrat, serif;\">\u00c8 inoltre possibile annullare l&#8217;iscrizione in qualsiasi momento <\/span><span style=\"font-family: Montserrat, serif;\">comunicandoci la volont\u00e0 di annullare l&#8217;iscrizione rispondendo a una delle nostre e-mail o newsletter.<\/span><\/p>\n<\/div><\/div><\/div><\/div><\/div>\n","protected":false},"excerpt":{"rendered":"","protected":false},"author":1,"featured_media":0,"parent":0,"menu_order":0,"comment_status":"closed","ping_status":"closed","template":"","meta":[],"_links":{"self":[{"href":"https:\/\/lesrobesnoires.com\/it\/wp-json\/wp\/v2\/pages\/3564"}],"collection":[{"href":"https:\/\/lesrobesnoires.com\/it\/wp-json\/wp\/v2\/pages"}],"about":[{"href":"https:\/\/lesrobesnoires.com\/it\/wp-json\/wp\/v2\/types\/page"}],"author":[{"embeddable":true,"href":"https:\/\/lesrobesnoires.com\/it\/wp-json\/wp\/v2\/users\/1"}],"replies":[{"embeddable":true,"href":"https:\/\/lesrobesnoires.com\/it\/wp-json\/wp\/v2\/comments?post=3564"}],"version-history":[{"count":2,"href":"https:\/\/lesrobesnoires.com\/it\/wp-json\/wp\/v2\/pages\/3564\/revisions"}],"predecessor-version":[{"id":3566,"href":"https:\/\/lesrobesnoires.com\/it\/wp-json\/wp\/v2\/pages\/3564\/revisions\/3566"}],"wp:attachment":[{"href":"https:\/\/lesrobesnoires.com\/it\/wp-json\/wp\/v2\/media?parent=3564"}],"curies":[{"name":"wp","href":"https:\/\/api.w.org\/{rel}","templated":true}]}}