{"id":3526,"date":"2022-04-19T07:56:39","date_gmt":"2022-04-19T05:56:39","guid":{"rendered":"https:\/\/lesrobesnoires.com\/produit\/in-limine\/"},"modified":"2022-04-19T07:56:39","modified_gmt":"2022-04-19T05:56:39","slug":"in-limine-2","status":"publish","type":"product","link":"https:\/\/lesrobesnoires.com\/it\/produit\/in-limine-2\/","title":{"rendered":"In limine"},"content":{"rendered":"<p style=\"text-align: left;\" align=\"JUSTIFY\"><span style=\"font-family: Montserrat, serif;\"><span style=\"font-size: small;\"><b>In limine<\/b><\/span><\/span><span style=\"font-family: Montserrat, serif;\"><span style=\"font-size: small;\"> In limine \u00e8 uno dei nostri primi due vini rossi, creato in uno spirito Languedoc dai due principali vitigni della nostra tenuta, tipici della Languedoc: Grenache e Cinsault. Questo vino, biologico come tutti gli altri nostri vini, ha un bel colore granato con sfumature fucsia Decisamente sul frutto, in un registro gourmet di granatina, In limine sviluppa note di burlat, fragolina di bosco e violetta. La bocca \u00e8 succosa e croccante.<\/span><\/span><\/p>\n<p style=\"text-align: left;\" align=\"JUSTIFY\"><span style=\"font-family: Montserrat, serif;\"><span style=\"font-size: small;\">Il suo nome, In limine, \u00e8 ancora un cenno alla nostra precedente vita di avvocati. \u00ab <\/span><\/span><span style=\"font-family: Montserrat, serif;\"><span style=\"font-size: small;\"><i>In limine<\/i><\/span><\/span><span style=\"font-family: Montserrat, serif;\"><span style=\"font-size: small;\"> &#8220;, espressione molto usata dai praticanti di procedura civile, significa &#8220;sulla soglia&#8221;, &#8220;dall&#8217;inizio&#8221;, ed \u00e8 ci\u00f2 che rappresenta questa cuv\u00e9e: \u00e8 la soglia del nostro rinnovamento come viticoltori.<\/span><\/span><\/p>\n","protected":false},"excerpt":{"rendered":"<p style=\"text-align: left;\" align=\"JUSTIFY\"><span style=\"font-family: Montserrat, serif;\"><span style=\"font-size: small;\"><b>In limine<\/b><\/span><\/span><span style=\"font-family: Montserrat, serif;\"><span style=\"font-size: small;\"> In limine \u00e8 uno dei nostri primi due vini rossi, creato in uno spirito Languedoc dai due principali vitigni della nostra tenuta, tipici della Languedoc: Grenache e Cinsault. Questo vino, biologico come tutti gli altri nostri vini, ha un bel colore granato con sfumature fucsia Decisamente sul frutto, in un registro gourmet di granatina, In limine sviluppa note di burlat, fragolina di bosco e violetta. La bocca \u00e8 succosa e croccante.<\/span><\/span><\/p>\n<p style=\"text-align: left;\" align=\"JUSTIFY\"><span style=\"font-family: Montserrat, serif;\"><span style=\"font-size: small;\">Il suo nome, In limine, \u00e8 ancora un cenno alla nostra precedente vita di avvocati. \u00ab <\/span><\/span><span style=\"font-family: Montserrat, serif;\"><span style=\"font-size: small;\"><i>In limine<\/i><\/span><\/span><span style=\"font-family: Montserrat, serif;\"><span style=\"font-size: small;\"> &#8220;, espressione molto usata dai praticanti di procedura civile, significa &#8220;sulla soglia&#8221;, &#8220;dall&#8217;inizio&#8221;, ed \u00e8 ci\u00f2 che rappresenta questa cuv\u00e9e: \u00e8 la soglia del nostro rinnovamento come viticoltori.<\/span><\/span><\/p>\n","protected":false},"featured_media":3527,"template":"","meta":[],"product_cat":[135],"product_tag":[],"_links":{"self":[{"href":"https:\/\/lesrobesnoires.com\/it\/wp-json\/wp\/v2\/product\/3526"}],"collection":[{"href":"https:\/\/lesrobesnoires.com\/it\/wp-json\/wp\/v2\/product"}],"about":[{"href":"https:\/\/lesrobesnoires.com\/it\/wp-json\/wp\/v2\/types\/product"}],"wp:featuredmedia":[{"embeddable":true,"href":"https:\/\/lesrobesnoires.com\/it\/wp-json\/wp\/v2\/media\/3527"}],"wp:attachment":[{"href":"https:\/\/lesrobesnoires.com\/it\/wp-json\/wp\/v2\/media?parent=3526"}],"wp:term":[{"taxonomy":"product_cat","embeddable":true,"href":"https:\/\/lesrobesnoires.com\/it\/wp-json\/wp\/v2\/product_cat?post=3526"},{"taxonomy":"product_tag","embeddable":true,"href":"https:\/\/lesrobesnoires.com\/it\/wp-json\/wp\/v2\/product_tag?post=3526"}],"curies":[{"name":"wp","href":"https:\/\/api.w.org\/{rel}","templated":true}]}}