{"id":3530,"date":"2022-04-19T07:50:50","date_gmt":"2022-04-19T05:50:50","guid":{"rendered":"https:\/\/lesrobesnoires.com\/produit\/1134\/"},"modified":"2022-04-19T07:50:50","modified_gmt":"2022-04-19T05:50:50","slug":"1134","status":"publish","type":"product","link":"https:\/\/lesrobesnoires.com\/it\/produit\/1134\/","title":{"rendered":"1134"},"content":{"rendered":"<p style=\"text-align: left;\"><span style=\"font-family: Montserrat, serif;\"><span style=\"font-size: small;\"><b>1134<\/b><\/span><\/span><span style=\"font-family: Montserrat, serif;\"><span style=\"font-size: small;\"> \u00e8 il nostro primo vino rosato. Nato dalla pigiatura diretta da uve principalmente Cinsault, Grenache Blanc e Grenache Gris, ma anche, seppur in piccolissime quantit\u00e0 (circa l&#8217;1% del totale), da Syrah e Cabernet Sauvignon che gli conferiscono il colore di cuore fragola\/petalo di rosa, 1134 ha un naso di ribes, pesca della vite e verbena, e sviluppa delicate note di piccoli frutti rossi: mirtillo rosso, fragola e ciliegia. \u00c8 un vino biologico, come tutti i nostri vini, dal gusto tonico e dissetante.<\/span><\/span><\/p>\n<p style=\"text-align: left;\"><span style=\"font-family: Montserrat, serif;\"><span style=\"font-size: small;\">Il nome di questa cuv\u00e9e, 1134, \u00e8 un cenno alla nostra vita passata di avvocati. Tra gli articoli pi\u00f9 emblematici del Codice Civile c&#8217;\u00e8 il vecchio articolo 1134. &#8220;Vecchio&#8221; perch\u00e9 la numerazione del Codice Civile \u00e8 cambiata nel 2016, ma il peso delle abitudini ha fatto s\u00ec che non ci si abituasse mai veramente ai nuovi numeri\u2026 L&#8217;articolo 1134 stabilisce i principi cardine del diritto contrattuale francese, compreso quello della buona fede. Questo \u00e8 uno dei primi articoli su cui lavorano gli avvocati in erba. Un nome perfetto per uno dei nostri primi vini, fatto in buona fede.<\/span><\/span><\/p>\n","protected":false},"excerpt":{"rendered":"<p align=\"JUSTIFY\"><span style=\"font-family: Montserrat, serif;\"><span style=\"font-size: small;\"><b>1134<\/b><\/span><\/span><span style=\"font-family: Montserrat, serif;\"><span style=\"font-size: small;\"> \u00e8 il nostro primo vino rosato. Nato dalla pigiatura diretta da uve principalmente Cinsault, Grenache Blanc e Grenache Gris, ma anche, seppur in piccolissime quantit\u00e0 (circa l&#8217;1% del totale), da Syrah e Cabernet Sauvignon che gli conferiscono il colore di cuore fragola\/petalo di rosa, 1134 ha un naso di ribes, pesca della vite e verbena, e sviluppa delicate note di piccoli frutti rossi: mirtillo rosso, fragola e ciliegia. \u00c8 un vino biologico, come tutti i nostri vini, dal gusto tonico e dissetante.<\/span><\/span><\/p>\n<p align=\"JUSTIFY\"><span style=\"font-family: Montserrat, serif;\"><span style=\"font-size: small;\">Il nome di questa cuv\u00e9e, 1134, \u00e8 un cenno alla nostra vita passata di avvocati. Tra gli articoli pi\u00f9 emblematici del Codice Civile c&#8217;\u00e8 il vecchio articolo 1134. &#8220;Vecchio&#8221; perch\u00e9 la numerazione del Codice Civile \u00e8 cambiata nel 2016, ma il peso delle abitudini ha fatto s\u00ec che non ci si abituasse mai veramente ai nuovi numeri\u2026 L&#8217;articolo 1134 stabilisce i principi cardine del diritto contrattuale francese, compreso quello della buona fede. Questo \u00e8 uno dei primi articoli su cui lavorano gli avvocati in erba. Un nome perfetto per uno dei nostri primi vini, fatto in buona fede.<\/span><\/span><\/p>\n","protected":false},"featured_media":3492,"template":"","meta":[],"product_cat":[135],"product_tag":[],"_links":{"self":[{"href":"https:\/\/lesrobesnoires.com\/it\/wp-json\/wp\/v2\/product\/3530"}],"collection":[{"href":"https:\/\/lesrobesnoires.com\/it\/wp-json\/wp\/v2\/product"}],"about":[{"href":"https:\/\/lesrobesnoires.com\/it\/wp-json\/wp\/v2\/types\/product"}],"wp:featuredmedia":[{"embeddable":true,"href":"https:\/\/lesrobesnoires.com\/it\/wp-json\/wp\/v2\/media\/3492"}],"wp:attachment":[{"href":"https:\/\/lesrobesnoires.com\/it\/wp-json\/wp\/v2\/media?parent=3530"}],"wp:term":[{"taxonomy":"product_cat","embeddable":true,"href":"https:\/\/lesrobesnoires.com\/it\/wp-json\/wp\/v2\/product_cat?post=3530"},{"taxonomy":"product_tag","embeddable":true,"href":"https:\/\/lesrobesnoires.com\/it\/wp-json\/wp\/v2\/product_tag?post=3530"}],"curies":[{"name":"wp","href":"https:\/\/api.w.org\/{rel}","templated":true}]}}