{"id":3792,"date":"2023-05-16T09:26:38","date_gmt":"2023-05-16T07:26:38","guid":{"rendered":"https:\/\/lesrobesnoires.com\/?post_type=product&#038;p=3792"},"modified":"2023-05-18T11:20:40","modified_gmt":"2023-05-18T09:20:40","slug":"sui-generis-2022","status":"publish","type":"product","link":"https:\/\/lesrobesnoires.com\/it\/produit\/sui-generis-2022\/","title":{"rendered":"Sui Generis (2022)"},"content":{"rendered":"<p><span style=\"font-size:24px;\">11,5%vol<\/span><\/p>\n<p style=\"text-align: left;\" align=\"JUSTIFY\"><span style=\"font-family: Montserrat, serif;\"><span style=\"font-size: small;\"><br \/>\nNouveaut\u00e9 du mill\u00e9sime 2022, ce vin \u00e0 la robe paille est un subtil r\u00e9sultat de la mac\u00e9ration d\u2019un viognier.<\/span><\/span><\/p>\n<p style=\"text-align: left;\" align=\"JUSTIFY\"><span style=\"font-family: Montserrat, serif;\"><span style=\"font-size: small;\">Le nez est puissant, sur un registre de cardamome, d\u2019orange am\u00e8re, de mandarine et de foin. La bouche a un joli relief, sans exc\u00e8s et avec de la fraicheur.<\/span><\/span><\/p>\n<p style=\"text-align: left;\" align=\"JUSTIFY\"><span style=\"font-family: Montserrat, serif;\"><span style=\"font-size: small;\">Ce vin accompagne avec bonheur un carre\u0301 de porc au curry, des asperges fraiches accompagn\u00e9es d\u2019une sauce mousseline.<\/span><\/span><\/p>\n","protected":false},"excerpt":{"rendered":"<p><span style=\"font-size:24px;\">11,5%vol<\/span><\/p>\n<p style=\"text-align: left;\" align=\"JUSTIFY\"><span style=\"font-family: Montserrat, serif;\"><span style=\"font-size: small;\"><br \/>\nNouveaut\u00e9 du mill\u00e9sime 2022, ce vin \u00e0 la robe paille est un subtil r\u00e9sultat de la mac\u00e9ration d\u2019un viognier.<\/span><\/span><\/p>\n<p style=\"text-align: left;\" align=\"JUSTIFY\"><span style=\"font-family: Montserrat, serif;\"><span style=\"font-size: small;\">Le nez est puissant, sur un registre de cardamome, d\u2019orange am\u00e8re, de mandarine et de foin. La bouche a un joli relief, sans exc\u00e8s et avec de la fraicheur.<\/span><\/span><\/p>\n<p style=\"text-align: left;\" align=\"JUSTIFY\"><span style=\"font-family: Montserrat, serif;\"><span style=\"font-size: small;\">Ce vin accompagne avec bonheur un carre\u0301 de porc au curry, des asperges fraiches accompagn\u00e9es d\u2019une sauce mousseline.<\/span><\/span><\/p>\n","protected":false},"featured_media":3820,"template":"","meta":[],"product_cat":[15],"product_tag":[],"_links":{"self":[{"href":"https:\/\/lesrobesnoires.com\/it\/wp-json\/wp\/v2\/product\/3792"}],"collection":[{"href":"https:\/\/lesrobesnoires.com\/it\/wp-json\/wp\/v2\/product"}],"about":[{"href":"https:\/\/lesrobesnoires.com\/it\/wp-json\/wp\/v2\/types\/product"}],"wp:featuredmedia":[{"embeddable":true,"href":"https:\/\/lesrobesnoires.com\/it\/wp-json\/wp\/v2\/media\/3820"}],"wp:attachment":[{"href":"https:\/\/lesrobesnoires.com\/it\/wp-json\/wp\/v2\/media?parent=3792"}],"wp:term":[{"taxonomy":"product_cat","embeddable":true,"href":"https:\/\/lesrobesnoires.com\/it\/wp-json\/wp\/v2\/product_cat?post=3792"},{"taxonomy":"product_tag","embeddable":true,"href":"https:\/\/lesrobesnoires.com\/it\/wp-json\/wp\/v2\/product_tag?post=3792"}],"curies":[{"name":"wp","href":"https:\/\/api.w.org\/{rel}","templated":true}]}}