{"id":3795,"date":"2023-05-16T09:41:55","date_gmt":"2023-05-16T07:41:55","guid":{"rendered":"https:\/\/lesrobesnoires.com\/?post_type=product&#038;p=3795"},"modified":"2023-05-18T11:42:46","modified_gmt":"2023-05-18T09:42:46","slug":"lorigin","status":"publish","type":"product","link":"https:\/\/lesrobesnoires.com\/it\/produit\/lorigin\/","title":{"rendered":"L\u2019Origin"},"content":{"rendered":"<p><span style=\"font-size:24px;\">42%vol<\/span><\/p>\n<p style=\"text-align: left;\" align=\"JUSTIFY\"><span style=\"font-family: Montserrat, serif;\"><span style=\"font-size: small;\"><br \/>\nL\u2019Origin est une boisson spiritueuse biologique \u00e9labor\u00e9e \u00e0 base d\u2019alcool r\u00e9sultant de la distillation d\u2019un vin rouge produit au Domaine.<\/span><\/span><\/p>\n<p style=\"text-align: left;\" align=\"JUSTIFY\"><span style=\"font-family: Montserrat, serif;\"><span style=\"font-size: small;\">Aromatis\u00e9 avec des baies de geni\u00e8vre sauvage des Pyr\u00e9n\u00e9es et des feuilles de m\u00e9lisse, L\u2019Origin est doux en bouche, tr\u00e8s aromatique et \u00e9pic\u00e9, avec une grande longueur en bouche.<\/span><\/span><\/p>\n","protected":false},"excerpt":{"rendered":"<p><span style=\"font-size:24px;\">42%vol<\/span><\/p>\n<p style=\"text-align: left;\" align=\"JUSTIFY\"><span style=\"font-family: Montserrat, serif;\"><span style=\"font-size: small;\"><br \/>\nL\u2019Origin est une boisson spiritueuse biologique \u00e9labor\u00e9e \u00e0 base d\u2019alcool r\u00e9sultant de la distillation d\u2019un vin rouge produit au Domaine.<\/span><\/span><\/p>\n<p style=\"text-align: left;\" align=\"JUSTIFY\"><span style=\"font-family: Montserrat, serif;\"><span style=\"font-size: small;\">Aromatis\u00e9 avec des baies de geni\u00e8vre sauvage des Pyr\u00e9n\u00e9es et des feuilles de m\u00e9lisse, L\u2019Origin est doux en bouche, tr\u00e8s aromatique et \u00e9pic\u00e9, avec une grande longueur en bouche.<\/span><\/span><\/p>\n","protected":false},"featured_media":3749,"template":"","meta":[],"product_cat":[15],"product_tag":[],"_links":{"self":[{"href":"https:\/\/lesrobesnoires.com\/it\/wp-json\/wp\/v2\/product\/3795"}],"collection":[{"href":"https:\/\/lesrobesnoires.com\/it\/wp-json\/wp\/v2\/product"}],"about":[{"href":"https:\/\/lesrobesnoires.com\/it\/wp-json\/wp\/v2\/types\/product"}],"wp:featuredmedia":[{"embeddable":true,"href":"https:\/\/lesrobesnoires.com\/it\/wp-json\/wp\/v2\/media\/3749"}],"wp:attachment":[{"href":"https:\/\/lesrobesnoires.com\/it\/wp-json\/wp\/v2\/media?parent=3795"}],"wp:term":[{"taxonomy":"product_cat","embeddable":true,"href":"https:\/\/lesrobesnoires.com\/it\/wp-json\/wp\/v2\/product_cat?post=3795"},{"taxonomy":"product_tag","embeddable":true,"href":"https:\/\/lesrobesnoires.com\/it\/wp-json\/wp\/v2\/product_tag?post=3795"}],"curies":[{"name":"wp","href":"https:\/\/api.w.org\/{rel}","templated":true}]}}