{"id":3796,"date":"2023-05-16T10:03:59","date_gmt":"2023-05-16T08:03:59","guid":{"rendered":"https:\/\/lesrobesnoires.com\/?post_type=product&#038;p=3796"},"modified":"2023-05-18T11:40:17","modified_gmt":"2023-05-18T09:40:17","slug":"lanis","status":"publish","type":"product","link":"https:\/\/lesrobesnoires.com\/it\/produit\/lanis\/","title":{"rendered":"L\u2019Anis"},"content":{"rendered":"<p><span style=\"font-size:24px;\">45%vol<\/span><\/p>\n<p style=\"text-align: left;\" align=\"JUSTIFY\"><span style=\"font-family: Montserrat, serif;\"><span style=\"font-size: small;\"><br \/>\nL\u2019Anis est une boisson spiritueuse biologique \u00e9labor\u00e9e \u00e0 base d\u2019alcool r\u00e9sultant de la distillation d\u2019un vin rouge produit au Domaine<\/span><\/span><\/p>\n<p style=\"text-align: left;\" align=\"JUSTIFY\"><span style=\"font-family: Montserrat, serif;\"><span style=\"font-size: small;\">Aromatis\u00e9 avec des graines de fenouil, des graines d\u2019anis, de l\u2019anis \u00e9toil\u00e9 et des racines de r\u00e9glisse, L\u2019Anis s\u2019ouvre sur des notes anis\u00e9es, avant de laisser petit \u00e0 petit la place \u00e0 la r\u00e9glisse, qui finit par prendre le dessus et donner \u00e0 L\u2019Anis une incroyable longueur en bouche r\u00e9gliss\u00e9e.<\/span><\/span><\/p>\n","protected":false},"excerpt":{"rendered":"<p><span style=\"font-size:24px;\">45%vol<\/span><\/p>\n<p style=\"text-align: left;\" align=\"JUSTIFY\"><span style=\"font-family: Montserrat, serif;\"><span style=\"font-size: small;\"><br \/>\nL\u2019Anis est une boisson spiritueuse biologique \u00e9labor\u00e9e \u00e0 base d\u2019alcool r\u00e9sultant de la distillation d\u2019un vin rouge produit au Domaine<\/span><\/span><\/p>\n<p style=\"text-align: left;\" align=\"JUSTIFY\"><span style=\"font-family: Montserrat, serif;\"><span style=\"font-size: small;\">Aromatis\u00e9 avec des graines de fenouil, des graines d\u2019anis, de l\u2019anis \u00e9toil\u00e9 et des racines de r\u00e9glisse, L\u2019Anis s\u2019ouvre sur des notes anis\u00e9es, avant de laisser petit \u00e0 petit la place \u00e0 la r\u00e9glisse, qui finit par prendre le dessus et donner \u00e0 L\u2019Anis une incroyable longueur en bouche r\u00e9gliss\u00e9e.<\/span><\/span><\/p>\n","protected":false},"featured_media":3746,"template":"","meta":[],"product_cat":[15],"product_tag":[],"_links":{"self":[{"href":"https:\/\/lesrobesnoires.com\/it\/wp-json\/wp\/v2\/product\/3796"}],"collection":[{"href":"https:\/\/lesrobesnoires.com\/it\/wp-json\/wp\/v2\/product"}],"about":[{"href":"https:\/\/lesrobesnoires.com\/it\/wp-json\/wp\/v2\/types\/product"}],"wp:featuredmedia":[{"embeddable":true,"href":"https:\/\/lesrobesnoires.com\/it\/wp-json\/wp\/v2\/media\/3746"}],"wp:attachment":[{"href":"https:\/\/lesrobesnoires.com\/it\/wp-json\/wp\/v2\/media?parent=3796"}],"wp:term":[{"taxonomy":"product_cat","embeddable":true,"href":"https:\/\/lesrobesnoires.com\/it\/wp-json\/wp\/v2\/product_cat?post=3796"},{"taxonomy":"product_tag","embeddable":true,"href":"https:\/\/lesrobesnoires.com\/it\/wp-json\/wp\/v2\/product_tag?post=3796"}],"curies":[{"name":"wp","href":"https:\/\/api.w.org\/{rel}","templated":true}]}}