{"id":3816,"date":"2023-05-18T10:47:42","date_gmt":"2023-05-18T08:47:42","guid":{"rendered":"https:\/\/lesrobesnoires.com\/?post_type=product&#038;p=3816"},"modified":"2023-05-18T11:14:02","modified_gmt":"2023-05-18T09:14:02","slug":"t-i-2022","status":"publish","type":"product","link":"https:\/\/lesrobesnoires.com\/it\/produit\/t-i-2022\/","title":{"rendered":"T. I. (2022)"},"content":{"rendered":"<p><span style=\"font-size:24px;\">12,5%vol<\/span><\/p>\n<p style=\"text-align: left;\" align=\"JUSTIFY\"><span style=\"font-family: Montserrat, serif;\"><span style=\"font-size: small;\"><br \/>\nNouveaut\u00e9 du mill\u00e9sime 2022, il s\u2019agit d\u2019un viognier a\u0300 la robe brillante, or clair.<\/span><\/span><\/p>\n<p style=\"text-align: left;\" align=\"JUSTIFY\"><span style=\"font-family: Montserrat, serif;\"><span style=\"font-size: small;\">Tr\u00e8s belle expression du c\u00e9page avec des ar\u00f4mes de kumquat, de lys, de fruits jaunes (abricot) et d\u2019\u00e9pices douces. L\u2019attaque se d\u00e9marque par sa sucrosit\u00e9\u0301, puis la bouche se d\u00e9veloppe sur un registre plus frais, avec un \u00e9quilibre dynamique.<\/span><\/span><\/p>\n<p style=\"text-align: left;\" align=\"JUSTIFY\"><span style=\"font-family: Montserrat, serif;\"><span style=\"font-size: small;\">Vous pourrez appr\u00e9cier ce vin avec une blanquette de poisson, des crevettes a\u0300 l\u2019indienne ou un brie aux truffes.<\/span><\/span><\/p>\n","protected":false},"excerpt":{"rendered":"<p><span style=\"font-size:24px;\">12,5%vol<\/span><\/p>\n<p style=\"text-align: left;\" align=\"JUSTIFY\"><span style=\"font-family: Montserrat, serif;\"><span style=\"font-size: small;\"><br \/>\nNouveaut\u00e9 du mill\u00e9sime 2022, il s\u2019agit d\u2019un viognier a\u0300 la robe brillante, or clair.<\/span><\/span><\/p>\n<p style=\"text-align: left;\" align=\"JUSTIFY\"><span style=\"font-family: Montserrat, serif;\"><span style=\"font-size: small;\">Tr\u00e8s belle expression du c\u00e9page avec des ar\u00f4mes de kumquat, de lys, de fruits jaunes (abricot) et d\u2019\u00e9pices douces. L\u2019attaque se d\u00e9marque par sa sucrosit\u00e9\u0301, puis la bouche se d\u00e9veloppe sur un registre plus frais, avec un \u00e9quilibre dynamique.<\/span><\/span><\/p>\n<p style=\"text-align: left;\" align=\"JUSTIFY\"><span style=\"font-family: Montserrat, serif;\"><span style=\"font-size: small;\">Vous pourrez appr\u00e9cier ce vin avec une blanquette de poisson, des crevettes a\u0300 l\u2019indienne ou un brie aux truffes.<\/span><\/span><\/p>\n","protected":false},"featured_media":3817,"template":"","meta":[],"product_cat":[15],"product_tag":[],"_links":{"self":[{"href":"https:\/\/lesrobesnoires.com\/it\/wp-json\/wp\/v2\/product\/3816"}],"collection":[{"href":"https:\/\/lesrobesnoires.com\/it\/wp-json\/wp\/v2\/product"}],"about":[{"href":"https:\/\/lesrobesnoires.com\/it\/wp-json\/wp\/v2\/types\/product"}],"wp:featuredmedia":[{"embeddable":true,"href":"https:\/\/lesrobesnoires.com\/it\/wp-json\/wp\/v2\/media\/3817"}],"wp:attachment":[{"href":"https:\/\/lesrobesnoires.com\/it\/wp-json\/wp\/v2\/media?parent=3816"}],"wp:term":[{"taxonomy":"product_cat","embeddable":true,"href":"https:\/\/lesrobesnoires.com\/it\/wp-json\/wp\/v2\/product_cat?post=3816"},{"taxonomy":"product_tag","embeddable":true,"href":"https:\/\/lesrobesnoires.com\/it\/wp-json\/wp\/v2\/product_tag?post=3816"}],"curies":[{"name":"wp","href":"https:\/\/api.w.org\/{rel}","templated":true}]}}